{"id":82,"date":"2023-06-30T10:42:49","date_gmt":"2023-06-30T10:42:49","guid":{"rendered":"https:\/\/situps.space\/?page_id=82"},"modified":"2023-07-01T09:15:09","modified_gmt":"2023-07-01T09:15:09","slug":"om-oss","status":"publish","type":"page","link":"https:\/\/demo.linneanilsson.se\/index.php\/om-oss\/","title":{"rendered":"Om oss"},"content":{"rendered":"\n<p>Montessorif\u00f6rskolan F\u00e4rgsolen har i \u00f6ver 25 \u00e5r framg\u00e5ngsrikt drivit f\u00f6rskoleverksamhet med barnet i centrum.<\/p>\n\n\n\n<p>V\u00e5r undervisning vilar p\u00e5<\/p>\n\n\n\n<ul class=\"wp-block-list\">\n<li>Montessoripedagogiken och dess tro p\u00e5 barns egen f\u00f6rm\u00e5ga till utveckling,<\/li>\n\n\n\n<li>L\u00e4roplan f\u00f6r f\u00f6rskolan, Lpf\u00f6 18, med en gemensam v\u00e4rdegrund, m\u00e5l och riktlinjer f\u00f6r alla f\u00f6rskolor i Sverige samt<\/li>\n\n\n\n<li>Skollagen, d\u00e4r f\u00f6rskolan har ett eget kapitel.<\/li>\n<\/ul>\n\n\n\n<p>Montessorif\u00f6rskolan F\u00e4rgsolen erbjuder barnen en f\u00f6rberedd milj\u00f6 med inbjudande pedagogiska aktiviteter, material och leksaker f\u00f6r att stimulera och utveckla barnets nyfikenhet, f\u00e4rdighet, spr\u00e5k och social kompetens. Vi str\u00e4var efter en stabil och trygg utbildning d\u00e4r omsorg, utveckling och l\u00e4rande bildar en helhet som l\u00e4gger grunden f\u00f6r ett livsl\u00e5ngt l\u00e4rande.<br>I det systematiska kvalitetsarbetet arbetar vi f\u00f6r att f\u00f6lja upp, analysera och synligg\u00f6ra barnets utveckling och l\u00e4rande. Vi anv\u00e4nder oss av en f\u00f6rskoleapp f\u00f6r digital pedagogisk dokumentation som \u00e4ven ger v\u00e5rdnadshavare m\u00f6jlighet att f\u00f6lja sitt barns utveckling.<\/p>\n\n\n\n<p>Vi h\u00e5ller p\u00e5 att ut\u00f6ka verksamheten eftersom vi nu har st\u00f6rre lokaler \u00e4n vi hade tidigare. Det kommer fr\u00e5n och med h\u00f6sten 2022 att finnas tre grupper p\u00e5 f\u00f6rskolan. En liten grupp med 10-14 barn i \u00e5ldern 1-3 \u00e5r och tv\u00e5 stora grupper med 18-20 barn, n\u00e4r de \u00e4r fullt utbyggda, i \u00e5ldern 3-6 \u00e5r.<\/p>\n\n\n\n<p>F\u00f6r\u00e4ldrarna \u00e4r viktiga i v\u00e5r str\u00e4van efter att utveckla en tillitsfull relation mellan f\u00f6rskolan och hemmet. Vi vill att f\u00f6r\u00e4ldrarna deltar i utvecklingssamtal, f\u00f6r\u00e4ldram\u00f6ten, tr\u00e4dg\u00e5rdsdagar, bes\u00f6ksdag p\u00e5 avdelningen och diverse gemensamma fester &amp; traditioner. Det \u00e4r ett bra s\u00e4tt att f\u00e5 inblick i verksamheten och l\u00e4ra k\u00e4nna de andra barnen och deras familjer. Vi \u00e4r mycket tacksamma f\u00f6r all frivillig hj\u00e4lp som vi f\u00e5r, b\u00e5de inom- och utomhus.&nbsp;<\/p>\n\n\n\n<p>Under pandemin har vi p g a restriktionerna inte kunnat ha n\u00e5gra gemensamma aktiviteter med f\u00f6r\u00e4ldrarna men hoppas att det snart ska vara m\u00f6jligt igen.<\/p>\n\n\n\n<h1 class=\"wp-block-heading\">Personal och styrelse<\/h1>\n\n\n\n<p>Montessorif\u00f6rskolan F\u00e4rgsolen \u00e4r en enskild f\u00f6rskola som drivs av en ekonomisk f\u00f6rening. Med i styrelsen sitter sedan starten 1995 Montessoril\u00e4rarna Pia Carlson, ordf\u00f6rande, och Anna Nilsson.<\/p>\n\n\n\n<p>Styrelsen har det \u00f6vergripande ansvaret f\u00f6r verksamheten och driften av f\u00f6rskolan med bl a lokal, personal och ekonomin. I det dagliga arbetet ansvarar alla l\u00e4rarna p\u00e5 F\u00e4rgsolen f\u00f6r det pedagogiska arbetet med barnen och deras milj\u00f6. Rektor och pedagogisk ledare, med det \u00f6vergripande ansvaret f\u00f6r utbildningen som helhet, \u00e4r Anna Nilsson.<\/p>\n\n\n\n<p>P\u00e5 F\u00e4rgsolen arbetar Montessoril\u00e4rare, f\u00f6rskoll\u00e4rare, och barnsk\u00f6tare. Vi har ocks\u00e5 en egen vikariepool best\u00e5ende av studenter som vid sidan av studierna \u00e5terkommande arbetar i verksamheten. Utbildning och erfarenhet \u00e4r viktigt och vi verkar f\u00f6r en stark sammanh\u00e5llning i arbetslaget d\u00e4r alla k\u00e4nner att vi arbetar tillsammans mot samma m\u00e5l.<\/p>\n","protected":false},"excerpt":{"rendered":"<p>Montessorif\u00f6rskolan F\u00e4rgsolen har i \u00f6ver 25 \u00e5r framg\u00e5ngsrikt drivit f\u00f6rskoleverksamhet med barnet i centrum. V\u00e5r undervisning vilar p\u00e5 Montessorif\u00f6rskolan F\u00e4rgsolen erbjuder barnen en f\u00f6rberedd milj\u00f6 med inbjudande pedagogiska aktiviteter, material och leksaker f\u00f6r att stimulera och utveckla barnets nyfikenhet, f\u00e4rdighet, spr\u00e5k och social kompetens. Vi str\u00e4var efter en stabil och trygg utbildning d\u00e4r omsorg, utveckling [&hellip;]<\/p>\n","protected":false},"author":1,"featured_media":0,"parent":0,"menu_order":0,"comment_status":"closed","ping_status":"closed","template":"","meta":{"footnotes":""},"class_list":["post-82","page","type-page","status-publish","hentry"],"_links":{"self":[{"href":"https:\/\/demo.linneanilsson.se\/index.php\/wp-json\/wp\/v2\/pages\/82","targetHints":{"allow":["GET"]}}],"collection":[{"href":"https:\/\/demo.linneanilsson.se\/index.php\/wp-json\/wp\/v2\/pages"}],"about":[{"href":"https:\/\/demo.linneanilsson.se\/index.php\/wp-json\/wp\/v2\/types\/page"}],"author":[{"embeddable":true,"href":"https:\/\/demo.linneanilsson.se\/index.php\/wp-json\/wp\/v2\/users\/1"}],"replies":[{"embeddable":true,"href":"https:\/\/demo.linneanilsson.se\/index.php\/wp-json\/wp\/v2\/comments?post=82"}],"version-history":[{"count":2,"href":"https:\/\/demo.linneanilsson.se\/index.php\/wp-json\/wp\/v2\/pages\/82\/revisions"}],"predecessor-version":[{"id":204,"href":"https:\/\/demo.linneanilsson.se\/index.php\/wp-json\/wp\/v2\/pages\/82\/revisions\/204"}],"wp:attachment":[{"href":"https:\/\/demo.linneanilsson.se\/index.php\/wp-json\/wp\/v2\/media?parent=82"}],"curies":[{"name":"wp","href":"https:\/\/api.w.org\/{rel}","templated":true}]}}