{"id":84,"date":"2023-06-30T10:43:04","date_gmt":"2023-06-30T10:43:04","guid":{"rendered":"https:\/\/situps.space\/?page_id=84"},"modified":"2024-07-03T09:11:10","modified_gmt":"2024-07-03T09:11:10","slug":"koanmalan","status":"publish","type":"page","link":"https:\/\/demo.linneanilsson.se\/index.php\/koanmalan\/","title":{"rendered":"K\u00f6anm\u00e4lan"},"content":{"rendered":"\n<p>Vill du st\u00e4lla ditt barn i v\u00e5r k\u00f6? Anm\u00e4lan kan ske fr\u00e5n och med barnets f\u00f6delse. Fyll i era uppgifter nedan f\u00f6r att st\u00e4lla er i k\u00f6n idag!<\/p>\n\n\n\n<hr class=\"wp-block-separator has-alpha-channel-opacity is-style-wide\"\/>\n\n\n\n<h2 class=\"wp-block-heading\">Anm\u00e4lningsformul\u00e4r<\/h2>\n\n\n<div class=\"wp-block-jetpack-contact-form\"><a href=\"https:\/\/demo.linneanilsson.se\/index.php\/koanmalan\/\" target=\"_blank\" rel=\"noopener noreferrer\">Submit a form.<\/a><\/div>\n\n\n<hr class=\"wp-block-separator has-alpha-channel-opacity is-style-wide\"\/>\n\n\n\n<h3 class=\"wp-block-heading\">Vill du hellre g\u00f6ra anm\u00e4lan via mail eller post? Inga problem!<\/h3>\n\n\n\n<div class=\"wp-block-group is-layout-constrained wp-block-group-is-layout-constrained\">\n<h5 class=\"wp-block-heading\"><strong>Anm\u00e4lan via mail:<\/strong><\/h5>\n\n\n\n<p>1. Ladda ner blanketten h\u00e4r: <a href=\"https:\/\/fargsolen.se\/wp-content\/uploads\/Anm\u00e4lningsblankett_vt21-1.doc\" target=\"_blank\" rel=\"noreferrer noopener\">Anm\u00e4lningsblankett<\/a><br>2. Ifylld anm\u00e4lningsblankett mailas till: styrelsen@fargsolen.se<\/p>\n\n\n\n<p><em>Om du har problem med att ladda ner blanketten g\u00e5r det ocks\u00e5 bra att g\u00f6ra en anm\u00e4lan i ett mail till styrelsen@fargsolen.se. Skriv d\u00e5 barnets namn, f\u00f6delsedag, \u00f6nskad start och kontaktuppgifter till v\u00e5rdnadshavare.<\/em><\/p>\n\n\n\n<h5 class=\"wp-block-heading\"><strong>Anm\u00e4lan via post:<\/strong><\/h5>\n\n\n\n<p>Skicka ifylld blankett till:<\/p>\n\n\n\n<p>Montessorif\u00f6rskolan F\u00e4rgsolen<br>Stralsundsv\u00e4gen 31<br>224 79 Lund<\/p>\n<\/div>\n\n\n\n<hr class=\"wp-block-separator has-alpha-channel-opacity is-style-wide\"\/>\n\n\n\n<div class=\"wp-block-group is-layout-constrained wp-block-group-is-layout-constrained\">\n<div class=\"wp-block-group is-layout-constrained wp-block-group-is-layout-constrained\">\n<h4 class=\"wp-block-heading\">Lite om <strong>GDPR<\/strong><\/h4>\n\n\n\n<p>Montessorif\u00f6rskolan F\u00e4rgsolen beh\u00f6ver ha tillg\u00e5ng till personuppgifter f\u00f6r ditt barn och er som \u00e4r v\u00e5rdnadshavare f\u00f6r att kunna administrera f\u00f6rskolans k\u00f6lista.<\/p>\n\n\n\n<p>N\u00e4r du som v\u00e5rdnadshavare fyller i och skickar anm\u00e4lan till v\u00e5r k\u00f6 s\u00e5 ger du ditt samtycke till att Montessorif\u00f6rskolan F\u00e4rgsolen hanterar de personuppgifter som du har l\u00e4mnat i anm\u00e4lan f\u00f6r att hantera och administrera ditt barns plats i k\u00f6n f\u00f6r f\u00f6rskolan. Syftet \u00e4r att f\u00f6renkla administrationen kring anm\u00e4lan samt att underl\u00e4tta kommunikation mellan dig och f\u00f6rskolan. Din anm\u00e4lan och alla personuppgifter tas bort om du meddelar att du inte l\u00e4ngre vill att ditt barn st\u00e5r kvar i k\u00f6n.<\/p>\n\n\n\n<p>Har du n\u00e5gra fr\u00e5gor om hur Montessorif\u00f6rskolan F\u00e4rgsolen behandlar personuppgifter s\u00e5 \u00e4r du alltid v\u00e4lkommen att kontakta oss via mail, styrelsen@fargsolen.se.<\/p>\n<\/div>\n<\/div>\n","protected":false},"excerpt":{"rendered":"<p>Vill du st\u00e4lla ditt barn i v\u00e5r k\u00f6? Anm\u00e4lan kan ske fr\u00e5n och med barnets f\u00f6delse. Fyll i era uppgifter nedan f\u00f6r att st\u00e4lla er i k\u00f6n idag! Anm\u00e4lningsformul\u00e4r Vill du hellre g\u00f6ra anm\u00e4lan via mail eller post? Inga problem! Anm\u00e4lan via mail: 1. Ladda ner blanketten h\u00e4r: Anm\u00e4lningsblankett2. Ifylld anm\u00e4lningsblankett mailas till: styrelsen@fargsolen.se Om [&hellip;]<\/p>\n","protected":false},"author":1,"featured_media":0,"parent":0,"menu_order":0,"comment_status":"closed","ping_status":"closed","template":"","meta":{"footnotes":""},"class_list":["post-84","page","type-page","status-publish","hentry"],"_links":{"self":[{"href":"https:\/\/demo.linneanilsson.se\/index.php\/wp-json\/wp\/v2\/pages\/84","targetHints":{"allow":["GET"]}}],"collection":[{"href":"https:\/\/demo.linneanilsson.se\/index.php\/wp-json\/wp\/v2\/pages"}],"about":[{"href":"https:\/\/demo.linneanilsson.se\/index.php\/wp-json\/wp\/v2\/types\/page"}],"author":[{"embeddable":true,"href":"https:\/\/demo.linneanilsson.se\/index.php\/wp-json\/wp\/v2\/users\/1"}],"replies":[{"embeddable":true,"href":"https:\/\/demo.linneanilsson.se\/index.php\/wp-json\/wp\/v2\/comments?post=84"}],"version-history":[{"count":22,"href":"https:\/\/demo.linneanilsson.se\/index.php\/wp-json\/wp\/v2\/pages\/84\/revisions"}],"predecessor-version":[{"id":312,"href":"https:\/\/demo.linneanilsson.se\/index.php\/wp-json\/wp\/v2\/pages\/84\/revisions\/312"}],"wp:attachment":[{"href":"https:\/\/demo.linneanilsson.se\/index.php\/wp-json\/wp\/v2\/media?parent=84"}],"curies":[{"name":"wp","href":"https:\/\/api.w.org\/{rel}","templated":true}]}}