{"id":86,"date":"2023-06-30T10:43:27","date_gmt":"2023-06-30T10:43:27","guid":{"rendered":"https:\/\/situps.space\/?page_id=86"},"modified":"2024-07-03T09:22:14","modified_gmt":"2024-07-03T09:22:14","slug":"kontakt","status":"publish","type":"page","link":"https:\/\/demo.linneanilsson.se\/index.php\/kontakt\/","title":{"rendered":"Kontakt"},"content":{"rendered":"\n<p>F\u00e4rgsolens fina lokaler och tr\u00e4dg\u00e5rd ligger mitt i gr\u00f6na Brunnsh\u00f6g i Lund. Vi flyttade hit 2020, fr\u00e5n v\u00e4stra Lund, d\u00e4r vi tidigare hade v\u00e5ra lokaler i 25 \u00e5r.<\/p>\n\n\n\n<h5 class=\"wp-block-heading\"><strong>Du kan n\u00e5 oss p\u00e5:<\/strong><\/h5>\n\n\n\n<p>Telefon: +46 46 15 21 98<\/p>\n\n\n\n<p>Mail: styrelsen@fargsolen.se<\/p>\n\n\n\n<p>Adress:<br>Montessorif\u00f6rskolan F\u00e4rgsolen<br>Stralsundsv\u00e4gen 31<br>224 79 Lund<\/p>\n\n\n\n<h3 class=\"wp-block-heading\">Hoppas vi ses!<\/h3>\n","protected":false},"excerpt":{"rendered":"<p>F\u00e4rgsolens fina lokaler och tr\u00e4dg\u00e5rd ligger mitt i gr\u00f6na Brunnsh\u00f6g i Lund. Vi flyttade hit 2020, fr\u00e5n v\u00e4stra Lund, d\u00e4r vi tidigare hade v\u00e5ra lokaler i 25 \u00e5r. Du kan n\u00e5 oss p\u00e5: Telefon: +46 46 15 21 98 Mail: styrelsen@fargsolen.se Adress:Montessorif\u00f6rskolan F\u00e4rgsolenStralsundsv\u00e4gen 31224 79 Lund Hoppas vi ses!<\/p>\n","protected":false},"author":1,"featured_media":0,"parent":0,"menu_order":0,"comment_status":"closed","ping_status":"closed","template":"","meta":{"footnotes":""},"class_list":["post-86","page","type-page","status-publish","hentry"],"_links":{"self":[{"href":"https:\/\/demo.linneanilsson.se\/index.php\/wp-json\/wp\/v2\/pages\/86","targetHints":{"allow":["GET"]}}],"collection":[{"href":"https:\/\/demo.linneanilsson.se\/index.php\/wp-json\/wp\/v2\/pages"}],"about":[{"href":"https:\/\/demo.linneanilsson.se\/index.php\/wp-json\/wp\/v2\/types\/page"}],"author":[{"embeddable":true,"href":"https:\/\/demo.linneanilsson.se\/index.php\/wp-json\/wp\/v2\/users\/1"}],"replies":[{"embeddable":true,"href":"https:\/\/demo.linneanilsson.se\/index.php\/wp-json\/wp\/v2\/comments?post=86"}],"version-history":[{"count":9,"href":"https:\/\/demo.linneanilsson.se\/index.php\/wp-json\/wp\/v2\/pages\/86\/revisions"}],"predecessor-version":[{"id":315,"href":"https:\/\/demo.linneanilsson.se\/index.php\/wp-json\/wp\/v2\/pages\/86\/revisions\/315"}],"wp:attachment":[{"href":"https:\/\/demo.linneanilsson.se\/index.php\/wp-json\/wp\/v2\/media?parent=86"}],"curies":[{"name":"wp","href":"https:\/\/api.w.org\/{rel}","templated":true}]}}